{"id":525,"date":"2026-01-05T08:49:16","date_gmt":"2026-01-05T08:49:16","guid":{"rendered":"https:\/\/iptvitalianoabbonamenti.com\/?post_type=product&#038;p=525"},"modified":"2026-01-10T10:25:30","modified_gmt":"2026-01-10T10:25:30","slug":"reseller-iptv","status":"publish","type":"product","link":"https:\/\/www1.iptvitalianoabbonamenti.com\/iptv-italia1\/prodotto\/reseller-iptv\/","title":{"rendered":"Reseller IPTV"},"content":{"rendered":"<h1 style=\"text-align: center; color: #000000;\">Diventa Reseller IPTV di Abbonamenti IPTV con IPTV Italiano<\/h1>\n<p style=\"text-align: center;\">Unisciti al nostro network di rivenditori e inizia a offrire abbonamenti IPTV di alta qualit\u00e0 con IPTV Italiano, un fornitore affidabile che garantisce supporto dedicato per ogni necessit\u00e0 e richiesta. Offriamo una piattaforma avanzata con funzionalit\u00e0 esclusive, tra cui un&#8217;applicazione con VPN integrata e supporto per Tor, che ti consentir\u00e0 di navigare in totale sicurezza.<\/p>\n<p style=\"text-align: center;\">Inoltre, la nostra applicazione permette di scaricare film e serie TV, per permettere ai tuoi clienti di godere dei contenuti preferiti anche offline, in qualsiasi momento. Con IPTV Italiano, puoi essere sicuro di offrire ai tuoi clienti un servizio stabile, sicuro e sempre aggiornato.<\/p>\n<p style=\"text-align: center;\">\n","protected":false},"excerpt":{"rendered":"<h1 style=\"text-align: center; color: #000000;\">Diventa Reseller IPTV di Abbonamenti IPTV con IPTV Italiano<\/h1>\n<p style=\"text-align: center;\">Unisciti al nostro network di rivenditori e inizia a offrire abbonamenti IPTV di alta qualit\u00e0 con IPTV Italiano, un fornitore affidabile che garantisce supporto dedicato per ogni necessit\u00e0 e richiesta. Offriamo una piattaforma avanzata con funzionalit\u00e0 esclusive, tra cui un&#8217;applicazione con VPN integrata e supporto per Tor, che ti consentir\u00e0 di navigare in totale sicurezza.<\/p>\n","protected":false},"featured_media":568,"comment_status":"open","ping_status":"closed","template":"","meta":[],"product_brand":[],"product_cat":[29],"product_tag":[],"class_list":{"0":"post-525","1":"product","2":"type-product","3":"status-publish","4":"has-post-thumbnail","6":"product_cat-crediti-reseller-iptv","8":"first","9":"instock","10":"shipping-taxable","11":"purchasable","12":"product-type-variable","13":"has-default-attributes"},"_links":{"self":[{"href":"https:\/\/www1.iptvitalianoabbonamenti.com\/iptv-italia1\/wp-json\/wp\/v2\/product\/525","targetHints":{"allow":["GET"]}}],"collection":[{"href":"https:\/\/www1.iptvitalianoabbonamenti.com\/iptv-italia1\/wp-json\/wp\/v2\/product"}],"about":[{"href":"https:\/\/www1.iptvitalianoabbonamenti.com\/iptv-italia1\/wp-json\/wp\/v2\/types\/product"}],"replies":[{"embeddable":true,"href":"https:\/\/www1.iptvitalianoabbonamenti.com\/iptv-italia1\/wp-json\/wp\/v2\/comments?post=525"}],"version-history":[{"count":0,"href":"https:\/\/www1.iptvitalianoabbonamenti.com\/iptv-italia1\/wp-json\/wp\/v2\/product\/525\/revisions"}],"wp:featuredmedia":[{"embeddable":true,"href":"https:\/\/www1.iptvitalianoabbonamenti.com\/iptv-italia1\/wp-json\/wp\/v2\/media\/568"}],"wp:attachment":[{"href":"https:\/\/www1.iptvitalianoabbonamenti.com\/iptv-italia1\/wp-json\/wp\/v2\/media?parent=525"}],"wp:term":[{"taxonomy":"product_brand","embeddable":true,"href":"https:\/\/www1.iptvitalianoabbonamenti.com\/iptv-italia1\/wp-json\/wp\/v2\/product_brand?post=525"},{"taxonomy":"product_cat","embeddable":true,"href":"https:\/\/www1.iptvitalianoabbonamenti.com\/iptv-italia1\/wp-json\/wp\/v2\/product_cat?post=525"},{"taxonomy":"product_tag","embeddable":true,"href":"https:\/\/www1.iptvitalianoabbonamenti.com\/iptv-italia1\/wp-json\/wp\/v2\/product_tag?post=525"}],"curies":[{"name":"wp","href":"https:\/\/api.w.org\/{rel}","templated":true}]}}