{"id":515,"date":"2026-01-05T08:49:11","date_gmt":"2026-01-05T08:49:11","guid":{"rendered":"https:\/\/iptvitalianoabbonamenti.com\/?post_type=product&#038;p=515"},"modified":"2026-01-10T10:25:27","modified_gmt":"2026-01-10T10:25:27","slug":"abbonamento-iptv","status":"publish","type":"product","link":"https:\/\/www1.iptvitalianoabbonamenti.com\/iptv-italia1\/prodotto\/abbonamento-iptv\/","title":{"rendered":"Abbonamento IPTV"},"content":{"rendered":"<h1 style=\"text-align: center; color: #000000;\">Abbonamento IPTV di Alta Qualit\u00e0 con IPTV Italiano<\/h1>\n<p style=\"text-align: center;\">Scopri il nostro servizio di abbonamento IPTV, che ti permette di accedere a una vasta gamma di canali in diretta, film, serie TV e contenuti esclusivi, tutto in un&#8217;unica piattaforma. Con IPTV Italiano, potrai godere di un&#8217;esperienza di visione senza interruzioni, di alta qualit\u00e0, direttamente dal tuo dispositivo preferito. La nostra offerta include canali per tutti i gusti: dallo sport alle notizie, dalla musica alla cultura, per offrirti contenuti sempre aggiornati e di grande valore.<\/p>\n<p style=\"text-align: center;\">La nostra applicazione avanzata ti consente di navigare in totale sicurezza grazie alla VPN integrata, che protegge la tua privacy mentre accedi ai contenuti. Supportiamo anche l&#8217;uso di Tor, per garantire una navigazione ancora pi\u00f9 anonima. Inoltre, la nostra app ti permette di scaricare film, serie TV e altri contenuti, cos\u00ec potrai guardare i tuoi programmi preferiti anche offline, in qualsiasi momento e ovunque tu sia, senza necessit\u00e0 di una connessione internet continua.<\/p>\n<p style=\"text-align: center;\">IPTV Italiano non \u00e8 solo una piattaforma stabile e sicura, ma offre anche un&#8217;assistenza clienti dedicata, pronta a risolvere ogni tuo dubbio o problema. Con il nostro servizio, hai la certezza di avere sempre accesso ai contenuti che ami, con la migliore qualit\u00e0 e senza interruzioni. Scegli IPTV Italiano per un&#8217;esperienza di visione unica e sicura.<\/p>\n","protected":false},"excerpt":{"rendered":"<h1 style=\"text-align: center; color: #000000;\">Abbonamento IPTV di Alta Qualit\u00e0 con IPTV Italiano<\/h1>\n<p style=\"text-align: center;\">Scopri il nostro servizio di abbonamento IPTV e accedi a una vasta gamma di canali in diretta, film, serie TV e contenuti esclusivi, tutto in un&#8217;unica piattaforma. Con IPTV Italiano, avrai accesso a un&#8217;esperienza di visione senza interruzioni e di qualit\u00e0 superiore, il tutto supportato da un&#8217;assistenza clienti dedicata.<\/p>\n","protected":false},"featured_media":571,"comment_status":"open","ping_status":"closed","template":"","meta":[],"product_brand":[],"product_cat":[17],"product_tag":[],"class_list":{"0":"post-515","1":"product","2":"type-product","3":"status-publish","4":"has-post-thumbnail","6":"product_cat-abbonamenti-iptv","8":"first","9":"instock","10":"shipping-taxable","11":"purchasable","12":"product-type-variable"},"_links":{"self":[{"href":"https:\/\/www1.iptvitalianoabbonamenti.com\/iptv-italia1\/wp-json\/wp\/v2\/product\/515","targetHints":{"allow":["GET"]}}],"collection":[{"href":"https:\/\/www1.iptvitalianoabbonamenti.com\/iptv-italia1\/wp-json\/wp\/v2\/product"}],"about":[{"href":"https:\/\/www1.iptvitalianoabbonamenti.com\/iptv-italia1\/wp-json\/wp\/v2\/types\/product"}],"replies":[{"embeddable":true,"href":"https:\/\/www1.iptvitalianoabbonamenti.com\/iptv-italia1\/wp-json\/wp\/v2\/comments?post=515"}],"version-history":[{"count":0,"href":"https:\/\/www1.iptvitalianoabbonamenti.com\/iptv-italia1\/wp-json\/wp\/v2\/product\/515\/revisions"}],"wp:featuredmedia":[{"embeddable":true,"href":"https:\/\/www1.iptvitalianoabbonamenti.com\/iptv-italia1\/wp-json\/wp\/v2\/media\/571"}],"wp:attachment":[{"href":"https:\/\/www1.iptvitalianoabbonamenti.com\/iptv-italia1\/wp-json\/wp\/v2\/media?parent=515"}],"wp:term":[{"taxonomy":"product_brand","embeddable":true,"href":"https:\/\/www1.iptvitalianoabbonamenti.com\/iptv-italia1\/wp-json\/wp\/v2\/product_brand?post=515"},{"taxonomy":"product_cat","embeddable":true,"href":"https:\/\/www1.iptvitalianoabbonamenti.com\/iptv-italia1\/wp-json\/wp\/v2\/product_cat?post=515"},{"taxonomy":"product_tag","embeddable":true,"href":"https:\/\/www1.iptvitalianoabbonamenti.com\/iptv-italia1\/wp-json\/wp\/v2\/product_tag?post=515"}],"curies":[{"name":"wp","href":"https:\/\/api.w.org\/{rel}","templated":true}]}}